{"id":987,"date":"2020-09-06T19:50:22","date_gmt":"2020-09-06T19:50:22","guid":{"rendered":"https:\/\/jawende.nl\/?page_id=987"},"modified":"2021-03-25T19:36:26","modified_gmt":"2021-03-25T19:36:26","slug":"total-balance-coaching","status":"publish","type":"page","link":"https:\/\/jawende.nl\/?page_id=987","title":{"rendered":"Total Balance coaching"},"content":{"rendered":"\t\t<div data-elementor-type=\"wp-page\" data-elementor-id=\"987\" class=\"elementor elementor-987\">\n\t\t\t\t\t\t<div class=\"elementor-inner\">\n\t\t\t\t<div class=\"elementor-section-wrap\">\n\t\t\t\t\t\t\t\t\t<section class=\"elementor-section elementor-top-section elementor-element elementor-element-a9cbd00 elementor-section-boxed elementor-section-height-default elementor-section-height-default\" data-id=\"a9cbd00\" data-element_type=\"section\">\n\t\t\t\t\t\t<div class=\"elementor-container elementor-column-gap-default\">\n\t\t\t\t\t\t\t<div class=\"elementor-row\">\n\t\t\t\t\t<div class=\"elementor-column elementor-col-100 elementor-top-column elementor-element elementor-element-666ea95\" data-id=\"666ea95\" data-element_type=\"column\">\n\t\t\t<div class=\"elementor-column-wrap elementor-element-populated\">\n\t\t\t\t\t\t\t<div class=\"elementor-widget-wrap\">\n\t\t\t\t\t\t<div class=\"elementor-element elementor-element-bfac259 elementor-widget elementor-widget-text-editor\" data-id=\"bfac259\" data-element_type=\"widget\" data-widget_type=\"text-editor.default\">\n\t\t\t\t<div class=\"elementor-widget-container\">\n\t\t\t\t\t\t\t\t<div class=\"elementor-text-editor elementor-clearfix\">\n\t\t\t\t<p>De TotalBalance Methode gaat uit van een totaal mensbeeld, oftewel een holistische benadering van de mens. We gaan op zoek naar balans in geest, ziel en lichaam waarbij we zowel naar priv\u00e9- als werksituaties kijken. Wanneer \u00e9\u00e9n van deze gebieden uit balans is zal dat effect hebben op de andere gebieden van je leven.\u00a0<\/p><p>De TotalBalance Methode is een mix van therapie en coaching met een christelijk fundament. De therapie is enerzijds bedoeld om het verleden (wie was ik?) een goede plek te kunnen geven en anderzijds om ervan te kunnen leren voor de toekomst. De coaching is voor het heden (wie ben ik?) en de toekomst (wie word ik?).<\/p><p>Heb jij zin om met mij dit avontuur aan te gaan en je leven een blijvende positieve verandering te geven? Meld je dan nu aan voor het Total Balance Coach traject.\u00a0 \u00a0<\/p><p><a href=\"https:\/\/jawende.nl\/?page_id=191\"><span style=\"font-size: 8pt;\">Eventueel in termijnen te betalen. (zie tarieven)<\/span><\/a><\/p>\t\t\t\t\t<\/div>\n\t\t\t\t\t\t<\/div>\n\t\t\t\t<\/div>\n\t\t\t\t<div class=\"elementor-element elementor-element-f39d36a elementor-widget elementor-widget-button\" data-id=\"f39d36a\" data-element_type=\"widget\" data-widget_type=\"button.default\">\n\t\t\t\t<div class=\"elementor-widget-container\">\n\t\t\t\t\t<div class=\"elementor-button-wrapper\">\n\t\t\t<a href=\"https:\/\/jawende.nl\/?page_id=159\" class=\"elementor-button-link elementor-button elementor-size-sm\" role=\"button\">\n\t\t\t\t\t\t<span class=\"elementor-button-content-wrapper\">\n\t\t\t\t\t\t<span class=\"elementor-button-text\">Ja ik meld me aan!<\/span>\n\t\t<\/span>\n\t\t\t\t\t<\/a>\n\t\t<\/div>\n\t\t\t\t<\/div>\n\t\t\t\t<\/div>\n\t\t\t\t\t\t<\/div>\n\t\t\t\t\t<\/div>\n\t\t<\/div>\n\t\t\t\t\t\t\t\t<\/div>\n\t\t\t\t\t<\/div>\n\t\t<\/section>\n\t\t\t\t<section class=\"elementor-section elementor-top-section elementor-element elementor-element-1310d5a elementor-section-boxed elementor-section-height-default elementor-section-height-default\" data-id=\"1310d5a\" data-element_type=\"section\">\n\t\t\t\t\t\t<div class=\"elementor-container elementor-column-gap-default\">\n\t\t\t\t\t\t\t<div class=\"elementor-row\">\n\t\t\t\t\t<div class=\"elementor-column elementor-col-100 elementor-top-column elementor-element elementor-element-22ab2a9\" data-id=\"22ab2a9\" data-element_type=\"column\">\n\t\t\t<div class=\"elementor-column-wrap elementor-element-populated\">\n\t\t\t\t\t\t\t<div class=\"elementor-widget-wrap\">\n\t\t\t\t\t\t<section class=\"elementor-section elementor-inner-section elementor-element elementor-element-ff381d9 elementor-section-boxed elementor-section-height-default elementor-section-height-default\" data-id=\"ff381d9\" data-element_type=\"section\">\n\t\t\t\t\t\t<div class=\"elementor-container elementor-column-gap-default\">\n\t\t\t\t\t\t\t<div class=\"elementor-row\">\n\t\t\t\t\t<div class=\"elementor-column elementor-col-50 elementor-inner-column elementor-element elementor-element-8d96eda\" data-id=\"8d96eda\" data-element_type=\"column\">\n\t\t\t<div class=\"elementor-column-wrap elementor-element-populated\">\n\t\t\t\t\t\t\t<div class=\"elementor-widget-wrap\">\n\t\t\t\t\t\t<div class=\"elementor-element elementor-element-3618af8 elementor-widget elementor-widget-image\" data-id=\"3618af8\" data-element_type=\"widget\" data-widget_type=\"image.default\">\n\t\t\t\t<div class=\"elementor-widget-container\">\n\t\t\t\t\t\t\t\t<div class=\"elementor-image\">\n\t\t\t\t\t\t\t\t\t\t\t\t<img width=\"450\" height=\"300\" src=\"https:\/\/jawende.nl\/wp-content\/uploads\/2020\/05\/freedom-4782870_1920-1-450x300.jpg\" class=\"attachment-blossom-feminine-cat size-blossom-feminine-cat\" alt=\"\" loading=\"lazy\" srcset=\"https:\/\/jawende.nl\/wp-content\/uploads\/2020\/05\/freedom-4782870_1920-1-450x300.jpg 450w, https:\/\/jawende.nl\/wp-content\/uploads\/2020\/05\/freedom-4782870_1920-1-600x400.jpg 600w, https:\/\/jawende.nl\/wp-content\/uploads\/2020\/05\/freedom-4782870_1920-1-300x200.jpg 300w, https:\/\/jawende.nl\/wp-content\/uploads\/2020\/05\/freedom-4782870_1920-1-768x512.jpg 768w, https:\/\/jawende.nl\/wp-content\/uploads\/2020\/05\/freedom-4782870_1920-1-1024x683.jpg 1024w, https:\/\/jawende.nl\/wp-content\/uploads\/2020\/05\/freedom-4782870_1920-1-90x60.jpg 90w, https:\/\/jawende.nl\/wp-content\/uploads\/2020\/05\/freedom-4782870_1920-1.jpg 1920w\" sizes=\"(max-width: 450px) 100vw, 450px\" \/>\t\t\t\t\t\t\t\t\t\t\t\t\t\t<\/div>\n\t\t\t\t\t\t<\/div>\n\t\t\t\t<\/div>\n\t\t\t\t\t\t<\/div>\n\t\t\t\t\t<\/div>\n\t\t<\/div>\n\t\t\t\t<div class=\"elementor-column elementor-col-50 elementor-inner-column elementor-element elementor-element-dd0c1f2\" data-id=\"dd0c1f2\" data-element_type=\"column\">\n\t\t\t<div class=\"elementor-column-wrap elementor-element-populated\">\n\t\t\t\t\t\t\t<div class=\"elementor-widget-wrap\">\n\t\t\t\t\t\t<div class=\"elementor-element elementor-element-9d60eb1 elementor-widget elementor-widget-image\" data-id=\"9d60eb1\" data-element_type=\"widget\" data-widget_type=\"image.default\">\n\t\t\t\t<div class=\"elementor-widget-container\">\n\t\t\t\t\t\t\t\t<div class=\"elementor-image\">\n\t\t\t\t\t\t\t\t\t\t\t\t<img width=\"1020\" height=\"253\" src=\"https:\/\/jawende.nl\/wp-content\/uploads\/2020\/09\/Total-Balance-logonieuw-1024x254.png\" class=\"attachment-large size-large\" alt=\"\" loading=\"lazy\" srcset=\"https:\/\/jawende.nl\/wp-content\/uploads\/2020\/09\/Total-Balance-logonieuw-1024x254.png 1024w, https:\/\/jawende.nl\/wp-content\/uploads\/2020\/09\/Total-Balance-logonieuw-600x149.png 600w, https:\/\/jawende.nl\/wp-content\/uploads\/2020\/09\/Total-Balance-logonieuw-300x75.png 300w, https:\/\/jawende.nl\/wp-content\/uploads\/2020\/09\/Total-Balance-logonieuw-768x191.png 768w, https:\/\/jawende.nl\/wp-content\/uploads\/2020\/09\/Total-Balance-logonieuw-242x60.png 242w, https:\/\/jawende.nl\/wp-content\/uploads\/2020\/09\/Total-Balance-logonieuw.png 1365w\" sizes=\"(max-width: 1020px) 100vw, 1020px\" \/>\t\t\t\t\t\t\t\t\t\t\t\t\t\t<\/div>\n\t\t\t\t\t\t<\/div>\n\t\t\t\t<\/div>\n\t\t\t\t\t\t<\/div>\n\t\t\t\t\t<\/div>\n\t\t<\/div>\n\t\t\t\t\t\t\t\t<\/div>\n\t\t\t\t\t<\/div>\n\t\t<\/section>\n\t\t\t\t\t\t<\/div>\n\t\t\t\t\t<\/div>\n\t\t<\/div>\n\t\t\t\t\t\t\t\t<\/div>\n\t\t\t\t\t<\/div>\n\t\t<\/section>\n\t\t\t\t<section class=\"elementor-section elementor-top-section elementor-element elementor-element-85cf2e7 elementor-section-boxed elementor-section-height-default elementor-section-height-default\" data-id=\"85cf2e7\" data-element_type=\"section\">\n\t\t\t\t\t\t<div class=\"elementor-container elementor-column-gap-default\">\n\t\t\t\t\t\t\t<div class=\"elementor-row\">\n\t\t\t\t\t<div class=\"elementor-column elementor-col-100 elementor-top-column elementor-element elementor-element-bd657df\" data-id=\"bd657df\" data-element_type=\"column\">\n\t\t\t<div class=\"elementor-column-wrap elementor-element-populated\">\n\t\t\t\t\t\t\t<div class=\"elementor-widget-wrap\">\n\t\t\t\t\t\t<div class=\"elementor-element elementor-element-f50082d elementor-widget elementor-widget-text-editor\" data-id=\"f50082d\" data-element_type=\"widget\" data-widget_type=\"text-editor.default\">\n\t\t\t\t<div class=\"elementor-widget-container\">\n\t\t\t\t\t\t\t\t<div class=\"elementor-text-editor elementor-clearfix\">\n\t\t\t\t\t\t\t\t\t<\/div>\n\t\t\t\t\t\t<\/div>\n\t\t\t\t<\/div>\n\t\t\t\t<div class=\"elementor-element elementor-element-433ecc6 elementor-widget elementor-widget-html\" data-id=\"433ecc6\" data-element_type=\"widget\" data-widget_type=\"html.default\">\n\t\t\t\t<div class=\"elementor-widget-container\">\n\t\t\t<script type=\"text\/javascript\">var bol_sitebar={\"id\":\"bol_1599768687208\", \"baseUrl\":\"partner.bol.com\",\"urlPrefix\":\"https:\/\/aai.bol.com\/openapi\/services\/aai\/\",\"productId\":\"productid=9200000064090709\",\"familyId\":\"9200000064090709\",\"site_id\":\"1070593\",\"target\":true,\"rating\":false,\"price\":true,\"deliveryDescription\":false,\"button\":true,\"link_name\":\"Nee%20is%20ok%E9%2C%20Carianne%20Ros\",\"link_subid\":\"\",\"background_color\":\"#FFFFFF\",\"text_color\":\"#CB0100\",\"link_color\":\"#0000FF\"};<\/script><script type=\"text\/javascript\" src=\"https:\/\/partner.bol.com\/promotion\/static\/js\/partnerProductlink.js\" id=\"bol_1599768687208\"><\/script>\t\t<\/div>\n\t\t\t\t<\/div>\n\t\t\t\t<div class=\"elementor-element elementor-element-3bcbe71 elementor-widget elementor-widget-text-editor\" data-id=\"3bcbe71\" data-element_type=\"widget\" data-widget_type=\"text-editor.default\">\n\t\t\t\t<div class=\"elementor-widget-container\">\n\t\t\t\t\t\t\t\t<div class=\"elementor-text-editor elementor-clearfix\">\n\t\t\t\t\t\t\t\t\t<\/div>\n\t\t\t\t\t\t<\/div>\n\t\t\t\t<\/div>\n\t\t\t\t\t\t<\/div>\n\t\t\t\t\t<\/div>\n\t\t<\/div>\n\t\t\t\t\t\t\t\t<\/div>\n\t\t\t\t\t<\/div>\n\t\t<\/section>\n\t\t\t\t\t\t\t\t\t<\/div>\n\t\t\t<\/div>\n\t\t\t\t\t<\/div>\n\t\t","protected":false},"excerpt":{"rendered":"<p>De TotalBalance Methode gaat uit van een totaal mensbeeld, oftewel een holistische benadering van de mens. We gaan op zoek naar balans in geest, ziel en lichaam waarbij we zowel naar priv\u00e9- als werksituaties kijken. Wanneer \u00e9\u00e9n van deze gebieden uit balans is zal dat effect hebben op de andere gebieden van je leven.\u00a0 De &hellip; <\/p>\n","protected":false},"author":1,"featured_media":680,"parent":0,"menu_order":0,"comment_status":"closed","ping_status":"closed","template":"","meta":[],"_links":{"self":[{"href":"https:\/\/jawende.nl\/index.php?rest_route=\/wp\/v2\/pages\/987"}],"collection":[{"href":"https:\/\/jawende.nl\/index.php?rest_route=\/wp\/v2\/pages"}],"about":[{"href":"https:\/\/jawende.nl\/index.php?rest_route=\/wp\/v2\/types\/page"}],"author":[{"embeddable":true,"href":"https:\/\/jawende.nl\/index.php?rest_route=\/wp\/v2\/users\/1"}],"replies":[{"embeddable":true,"href":"https:\/\/jawende.nl\/index.php?rest_route=%2Fwp%2Fv2%2Fcomments&post=987"}],"version-history":[{"count":19,"href":"https:\/\/jawende.nl\/index.php?rest_route=\/wp\/v2\/pages\/987\/revisions"}],"predecessor-version":[{"id":1251,"href":"https:\/\/jawende.nl\/index.php?rest_route=\/wp\/v2\/pages\/987\/revisions\/1251"}],"wp:featuredmedia":[{"embeddable":true,"href":"https:\/\/jawende.nl\/index.php?rest_route=\/wp\/v2\/media\/680"}],"wp:attachment":[{"href":"https:\/\/jawende.nl\/index.php?rest_route=%2Fwp%2Fv2%2Fmedia&parent=987"}],"curies":[{"name":"wp","href":"https:\/\/api.w.org\/{rel}","templated":true}]}}